{"id":485,"date":"2022-04-13T10:20:13","date_gmt":"2022-04-13T10:20:13","guid":{"rendered":"https:\/\/gogosushi.es\/?page_id=485"},"modified":"2025-06-17T06:19:23","modified_gmt":"2025-06-17T06:19:23","slug":"politica-de-cookies","status":"publish","type":"page","link":"https:\/\/gogosushi.es\/en\/politica-de-cookies","title":{"rendered":"Politica de Cookies"},"content":{"rendered":"<div data-elementor-type=\"wp-page\" data-elementor-id=\"485\" class=\"elementor elementor-485\">\n\t\t\t\t\t\t<section class=\"elementor-section elementor-top-section elementor-element elementor-element-76a4cc63 elementor-section-content-middle elementor-section-stretched elementor-section-boxed elementor-section-height-default elementor-section-height-default\" data-id=\"76a4cc63\" data-element_type=\"section\" data-e-type=\"section\" data-settings=\"{&quot;background_background&quot;:&quot;classic&quot;,&quot;stretch_section&quot;:&quot;section-stretched&quot;}\">\n\t\t\t\t\t\t\t<div class=\"elementor-background-overlay\"><\/div>\n\t\t\t\t\t\t\t<div class=\"elementor-container elementor-column-gap-no\">\n\t\t\t\t\t<div class=\"elementor-column elementor-col-50 elementor-top-column elementor-element elementor-element-1c2bcd47\" data-id=\"1c2bcd47\" data-element_type=\"column\" data-e-type=\"column\">\n\t\t\t<div class=\"elementor-widget-wrap\">\n\t\t\t\t\t\t\t<\/div>\n\t\t<\/div>\n\t\t\t\t<div class=\"elementor-column elementor-col-50 elementor-top-column elementor-element elementor-element-1126a9a8\" data-id=\"1126a9a8\" data-element_type=\"column\" data-e-type=\"column\">\n\t\t\t<div class=\"elementor-widget-wrap elementor-element-populated\">\n\t\t\t\t\t\t<div class=\"elementor-element elementor-element-92bfb76 elementor-widget elementor-widget-spacer\" data-id=\"92bfb76\" data-element_type=\"widget\" data-e-type=\"widget\" data-widget_type=\"spacer.default\">\n\t\t\t\t<div class=\"elementor-widget-container\">\n\t\t\t\t\t\t\t<div class=\"elementor-spacer\">\n\t\t\t<div class=\"elementor-spacer-inner\"><\/div>\n\t\t<\/div>\n\t\t\t\t\t\t<\/div>\n\t\t\t\t<\/div>\n\t\t\t\t\t<\/div>\n\t\t<\/div>\n\t\t\t\t\t<\/div>\n\t\t<\/section>\n\t\t\t\t<section class=\"elementor-section elementor-top-section elementor-element elementor-element-917fbd6 elementor-section-boxed elementor-section-height-default elementor-section-height-default\" data-id=\"917fbd6\" data-element_type=\"section\" data-e-type=\"section\">\n\t\t\t\t\t\t<div class=\"elementor-container elementor-column-gap-default\">\n\t\t\t\t\t<div class=\"elementor-column elementor-col-100 elementor-top-column elementor-element elementor-element-63370bb\" data-id=\"63370bb\" data-element_type=\"column\" data-e-type=\"column\">\n\t\t\t<div class=\"elementor-widget-wrap elementor-element-populated\">\n\t\t\t\t\t\t<div class=\"elementor-element elementor-element-45bea53 elementor-widget elementor-widget-spacer\" data-id=\"45bea53\" data-element_type=\"widget\" data-e-type=\"widget\" data-widget_type=\"spacer.default\">\n\t\t\t\t<div class=\"elementor-widget-container\">\n\t\t\t\t\t\t\t<div class=\"elementor-spacer\">\n\t\t\t<div class=\"elementor-spacer-inner\"><\/div>\n\t\t<\/div>\n\t\t\t\t\t\t<\/div>\n\t\t\t\t<\/div>\n\t\t\t\t<div class=\"elementor-element elementor-element-7cc9657 elementor-widget elementor-widget-heading\" data-id=\"7cc9657\" data-element_type=\"widget\" data-e-type=\"widget\" data-widget_type=\"heading.default\">\n\t\t\t\t<div class=\"elementor-widget-container\">\n\t\t\t\t\t<h2 class=\"elementor-heading-title elementor-size-default\">Pol\u00edtica de Cookies<\/h2>\t\t\t\t<\/div>\n\t\t\t\t<\/div>\n\t\t\t\t<div class=\"elementor-element elementor-element-d2a40a5 elementor-widget elementor-widget-text-editor\" data-id=\"d2a40a5\" data-element_type=\"widget\" data-e-type=\"widget\" data-widget_type=\"text-editor.default\">\n\t\t\t\t<div class=\"elementor-widget-container\">\n\t\t\t\t\t\t\t\t\t<header class=\"entry-header ast-no-thumbnail ast-no-meta\"><p><br \/>En cumplimiento con el art\u00edculo 22 de la Ley 34\/2002, de 11 de julio, de servicios de la sociedad de la informaci\u00f3n y de comercio electr\u00f3nico (LSSI), en relaci\u00f3n con el Reglamento (UE) 2016\/679 del Parlamento Europeo y del Consejo, de 27 de abril de 2016, General de Protecci\u00f3n de Datos (RGPD) y la Ley Org\u00e1nica 3\/2018, de 5 de diciembre, de Protecci\u00f3n de Datos y garant\u00eda de los derechos digitales (LOPDGDD), el Titular pone a disposici\u00f3n de los usuarios la Pol\u00edtica de recogida y tratamiento de cookies del sitio Web.<\/p><p><strong>Qu\u00e9 son las Cookies<\/strong><br \/>Una Cookie es un fichero que se descarga en su ordenador al entrar a determinadas p\u00e1ginas web. Las cookies permiten a una p\u00e1gina web, entre otras cosas, almacenar y recuperar informaci\u00f3n sobre sus h\u00e1bitos de navegaci\u00f3n y dependiendo de la informaci\u00f3n que contengan y de la forma en que utilice su equipo pueden utilizarse para identificarle.<\/p><p><strong>Cookies utilizadas en el sitio Web<\/strong><br \/>A continuaci\u00f3n se clasifican las cookies utilizadas por el sitio Web https:\/\/gogosushi.es:<br \/>Seg\u00fan la entidad que las gestiona<\/p><p><strong>Cookies propias:<\/strong> Son aquellas enviadas y gestionadas directamente por el Titular.<br \/>Cookies de terceros: Son aquellas que se env\u00edan al Usuario desde un dominio ajeno al Titular.<br \/>Seg\u00fan su finalidad<\/p><p><strong>Cookies t\u00e9cnicas:<\/strong> Son aquellas que permiten a los usuarios registrados navegar a trav\u00e9s del sitio Web, del \u00e1rea restringida y a utilizar sus diferentes funciones, como por ejemplo, el sistema de comentarios o el buscador o llevar a cabo el proceso de compra de un Producto o Servicio.<br \/><strong>Cookies de personalizaci\u00f3n:<\/strong> Son aquellas que permiten a los usuarios acceder al Servicio con algunas caracter\u00edsticas de car\u00e1cter general predefinidas en funci\u00f3n de una serie de criterios establecidos por el Usuario como, por ejemplo, el idioma o el tipo de navegador a trav\u00e9s del cual se conecta a este sitio Web.<br \/>Cookies de an\u00e1lisis o medici\u00f3n: Son aquellas que, bien tratadas por el sitio Web o por terceros, permiten cuantificar el n\u00famero de usuarios y as\u00ed realizar la medici\u00f3n y an\u00e1lisis estad\u00edstico de la utilizaci\u00f3n que hacen los usuarios del sitio Web. Para ello se analiza la navegaci\u00f3n que realizas en este sitio Web con el fin de mejorarlo.<br \/>Cookies sociales: Son establecidas por las plataformas de redes sociales para permitir a los usuarios compartir contenido con sus amigos y redes.<br \/>Seg\u00fan su duraci\u00f3n<\/p><p><strong>Cookies de sesi\u00f3n:<\/strong> Son aquellas dise\u00f1adas para recabar y almacenar datos mientras el Usuario accede al sitio Web.<br \/>Cookies persistentes: Son aquellas en las que los datos siguen almacenados en el terminal del Usuario y pueden ser accedidos y tratados durante un per\u00edodo definido por el responsable de la cookie.<br \/>Listado de cookies utilizadas<br \/>Este sitio Web puede instalar las siguientes cookies:<\/p><p><strong>Cookies t\u00e9cnicas<\/strong><\/p><p>wp-settings-{user_id}: Cookie t\u00e9cnica que se usa para mantener la configuraci\u00f3n del Usuario en el escritorio de WordPress (\/wp-admin). Es persistente y tiene una duraci\u00f3n de 1 a\u00f1o.<br \/>hasConsent: Cookie t\u00e9cnica que almacena el consentimiento del Usuario. Es persistente y tiene una duraci\u00f3n de 1 a\u00f1o.<br \/>Cookies de an\u00e1lisis o medici\u00f3n<\/p><p>_fbp: Cookie que mide el rendimiento de la publicidad de Facebook. Es persistente y tiene una duraci\u00f3n de 1 d\u00eda.<br \/>fr, sb: Cookies que miden el rendimiento de la publicidad de Facebook. Son cookies persistentes.<br \/>Pixel: Cookie que permite ofrecer a los visitantes del sitio Web publicidad personalizada en su plataforma bas\u00e1ndose en los datos relativos a las cabeceras http, el p\u00edxel (ID, cookie Facebook), y registrar y comunicar a Facebook las acciones del Usuario en el sitio Web.<br \/>_ga: Cookie Anal\u00edtica que habilita la funci\u00f3n de control de visitas \u00fanicas. Es persistente y tiene una duraci\u00f3n de 2 a\u00f1os.<br \/>_gat: Cookie Anal\u00edtica para limitar el n\u00famero de solicitudes. Su \u00e1mbito es la sesi\u00f3n y tiene una duraci\u00f3n de 1 minuto.<br \/>_gid: Cookie Anal\u00edtica para distinguir usuarios. Su \u00e1mbito es la sesi\u00f3n y tiene una duraci\u00f3n de 24 horas.<br \/>Informaci\u00f3n adicional:<\/p><p>Obt\u00e9n m\u00e1s informaci\u00f3n sobre el uso de las cookies por parte de Facebook en la p\u00e1gina de Pol\u00edtica de Cookies de Facebook<br \/>Google Analytics puede instalar otras cookies seg\u00fan el documento Uso de las cookies de Google Analytics en sitios web que puede consultar en este enlace.<br \/>Cookies sociales<\/p><p><strong>El sitio Web incluye otras funcionalidades proporcionadas por servicios de terceros y redes sociales para mejorar la experiencia de los visitantes.<\/strong> Puede compartir el contenido en sus redes sociales como Facebook, Twitter, Instagram, Vimeo o YouTube con los botones incluidos a tal efecto o con las herramientas para compartir propias de las redes sociales. Como resultado, estos servicios pueden instalar cookies y utilizarlas para rastrear su actividad online. El Titular no tiene control directo sobre la informaci\u00f3n recopilada por estas cookies.<\/p><p><br \/><strong>Eliminaci\u00f3n de cookies<\/strong><br \/>Puede aceptar, bloquear o eliminar las cookies instaladas en su equipo mediante la configuraci\u00f3n de las opciones del navegador, pero tenga en cuenta que parte del sitio no funcionar\u00e1 correctamente o que algunas de sus funcionalidades no estar\u00e1n disponibles o tendr\u00e1n errores.<\/p><p>En los siguientes enlaces encontrar\u00e1 instrucciones para habilitar o deshabilitar las cookies en los navegadores m\u00e1s comunes.<\/p><p>Firefox<br \/>Google Chrome<br \/>Internet Explorer<br \/>Microsoft Edge<br \/>Safari<br \/>Tratamiento de Datos Personales<br \/>El Titular es el Responsable del tratamiento de los datos personales del usuario. Puede consultar toda la informaci\u00f3n relativa al tratamiento de datos personales que recoge el Titular en la p\u00e1gina de la Pol\u00edtica de Privacidad.<\/p><p><strong>Contacto<\/strong><br \/>En caso de que tenga cualquier duda acerca de esta Pol\u00edtica de Cookies o quiera realizar cualquier comentario sobre este sitio Web, puede enviar un mensaje a la direcci\u00f3n de correo electr\u00f3nico: info@gogosushi.es<\/p><p>\u00a0<\/p><\/header>\t\t\t\t\t\t\t\t<\/div>\n\t\t\t\t<\/div>\n\t\t\t\t\t<\/div>\n\t\t<\/div>\n\t\t\t\t\t<\/div>\n\t\t<\/section>\n\t\t\t\t<\/div>","protected":false},"excerpt":{"rendered":"<p>Pol\u00edtica de Cookies En cumplimiento con el art\u00edculo 22 de la Ley 34\/2002, de 11 de julio, de servicios de la sociedad de la informaci\u00f3n y de comercio electr\u00f3nico (LSSI), en relaci\u00f3n con el Reglamento (UE) 2016\/679 del Parlamento Europeo y del Consejo, de 27 de abril de 2016, General de Protecci\u00f3n de Datos (RGPD) [&hellip;]<\/p>\n","protected":false},"author":1,"featured_media":0,"parent":0,"menu_order":0,"comment_status":"closed","ping_status":"closed","template":"","meta":{"site-sidebar-layout":"no-sidebar","site-content-layout":"page-builder","ast-site-content-layout":"full-width-container","site-content-style":"unboxed","site-sidebar-style":"unboxed","ast-global-header-display":"","ast-banner-title-visibility":"","ast-main-header-display":"","ast-hfb-above-header-display":"","ast-hfb-below-header-display":"","ast-hfb-mobile-header-display":"","site-post-title":"disabled","ast-breadcrumbs-content":"","ast-featured-img":"disabled","footer-sml-layout":"","ast-disable-related-posts":"","theme-transparent-header-meta":"enabled","adv-header-id-meta":"","stick-header-meta":"","header-above-stick-meta":"","header-main-stick-meta":"","header-below-stick-meta":"","astra-migrate-meta-layouts":"set","ast-page-background-enabled":"default","ast-page-background-meta":{"desktop":{"background-color":"","background-image":"","background-repeat":"repeat","background-position":"center center","background-size":"auto","background-attachment":"scroll","background-type":"","background-media":"","overlay-type":"","overlay-color":"","overlay-opacity":"","overlay-gradient":""},"tablet":{"background-color":"","background-image":"","background-repeat":"repeat","background-position":"center center","background-size":"auto","background-attachment":"scroll","background-type":"","background-media":"","overlay-type":"","overlay-color":"","overlay-opacity":"","overlay-gradient":""},"mobile":{"background-color":"","background-image":"","background-repeat":"repeat","background-position":"center center","background-size":"auto","background-attachment":"scroll","background-type":"","background-media":"","overlay-type":"","overlay-color":"","overlay-opacity":"","overlay-gradient":""}},"ast-content-background-meta":{"desktop":{"background-color":"var(--ast-global-color-5)","background-image":"","background-repeat":"repeat","background-position":"center center","background-size":"auto","background-attachment":"scroll","background-type":"","background-media":"","overlay-type":"","overlay-color":"","overlay-opacity":"","overlay-gradient":""},"tablet":{"background-color":"var(--ast-global-color-5)","background-image":"","background-repeat":"repeat","background-position":"center center","background-size":"auto","background-attachment":"scroll","background-type":"","background-media":"","overlay-type":"","overlay-color":"","overlay-opacity":"","overlay-gradient":""},"mobile":{"background-color":"var(--ast-global-color-5)","background-image":"","background-repeat":"repeat","background-position":"center center","background-size":"auto","background-attachment":"scroll","background-type":"","background-media":"","overlay-type":"","overlay-color":"","overlay-opacity":"","overlay-gradient":""}},"footnotes":""},"class_list":["post-485","page","type-page","status-publish","hentry"],"yoast_head":"<!-- This site is optimized with the Yoast SEO plugin v27.2 - https:\/\/yoast.com\/product\/yoast-seo-wordpress\/ -->\n<title>Politica de Cookies -<\/title>\n<meta name=\"robots\" content=\"index, nofollow, max-snippet:-1, max-image-preview:large, max-video-preview:-1\" \/>\n<link rel=\"canonical\" href=\"https:\/\/gogosushi.es\/en\/politica-de-cookies\/\" \/>\n<meta property=\"og:locale\" content=\"en_US\" \/>\n<meta property=\"og:type\" content=\"article\" \/>\n<meta property=\"og:title\" content=\"Politica de Cookies -\" \/>\n<meta property=\"og:description\" content=\"Pol\u00edtica de Cookies En cumplimiento con el art\u00edculo 22 de la Ley 34\/2002, de 11 de julio, de servicios de la sociedad de la informaci\u00f3n y de comercio electr\u00f3nico (LSSI), en relaci\u00f3n con el Reglamento (UE) 2016\/679 del Parlamento Europeo y del Consejo, de 27 de abril de 2016, General de Protecci\u00f3n de Datos (RGPD) [&hellip;]\" \/>\n<meta property=\"og:url\" content=\"https:\/\/gogosushi.es\/en\/politica-de-cookies\/\" \/>\n<meta property=\"article:modified_time\" content=\"2025-06-17T06:19:23+00:00\" \/>\n<meta name=\"twitter:card\" content=\"summary_large_image\" \/>\n<meta name=\"twitter:label1\" content=\"Est. reading time\" \/>\n\t<meta name=\"twitter:data1\" content=\"5 minutes\" \/>\n<script type=\"application\/ld+json\" class=\"yoast-schema-graph\">{\"@context\":\"https:\/\/schema.org\",\"@graph\":[{\"@type\":\"WebPage\",\"@id\":\"https:\/\/gogosushi.es\/politica-de-cookies\",\"url\":\"https:\/\/gogosushi.es\/politica-de-cookies\",\"name\":\"Politica de Cookies -\",\"isPartOf\":{\"@id\":\"https:\/\/gogosushi.es\/#website\"},\"datePublished\":\"2022-04-13T10:20:13+00:00\",\"dateModified\":\"2025-06-17T06:19:23+00:00\",\"breadcrumb\":{\"@id\":\"https:\/\/gogosushi.es\/politica-de-cookies#breadcrumb\"},\"inLanguage\":\"en-US\",\"potentialAction\":[{\"@type\":\"ReadAction\",\"target\":[\"https:\/\/gogosushi.es\/politica-de-cookies\"]}]},{\"@type\":\"BreadcrumbList\",\"@id\":\"https:\/\/gogosushi.es\/politica-de-cookies#breadcrumb\",\"itemListElement\":[{\"@type\":\"ListItem\",\"position\":1,\"name\":\"Portada\",\"item\":\"https:\/\/gogosushi.es\/\"},{\"@type\":\"ListItem\",\"position\":2,\"name\":\"Politica de Cookies\"}]},{\"@type\":\"WebSite\",\"@id\":\"https:\/\/gogosushi.es\/#website\",\"url\":\"https:\/\/gogosushi.es\/\",\"name\":\"\",\"description\":\"Sushi en benalm\u00e1dena\",\"potentialAction\":[{\"@type\":\"SearchAction\",\"target\":{\"@type\":\"EntryPoint\",\"urlTemplate\":\"https:\/\/gogosushi.es\/?s={search_term_string}\"},\"query-input\":{\"@type\":\"PropertyValueSpecification\",\"valueRequired\":true,\"valueName\":\"search_term_string\"}}],\"inLanguage\":\"en-US\"}]}<\/script>\n<!-- \/ Yoast SEO plugin. -->","yoast_head_json":{"title":"Politica de Cookies -","robots":{"index":"index","follow":"nofollow","max-snippet":"max-snippet:-1","max-image-preview":"max-image-preview:large","max-video-preview":"max-video-preview:-1"},"canonical":"https:\/\/gogosushi.es\/en\/politica-de-cookies\/","og_locale":"en_US","og_type":"article","og_title":"Politica de Cookies -","og_description":"Pol\u00edtica de Cookies En cumplimiento con el art\u00edculo 22 de la Ley 34\/2002, de 11 de julio, de servicios de la sociedad de la informaci\u00f3n y de comercio electr\u00f3nico (LSSI), en relaci\u00f3n con el Reglamento (UE) 2016\/679 del Parlamento Europeo y del Consejo, de 27 de abril de 2016, General de Protecci\u00f3n de Datos (RGPD) [&hellip;]","og_url":"https:\/\/gogosushi.es\/en\/politica-de-cookies\/","article_modified_time":"2025-06-17T06:19:23+00:00","twitter_card":"summary_large_image","twitter_misc":{"Est. reading time":"5 minutes"},"schema":{"@context":"https:\/\/schema.org","@graph":[{"@type":"WebPage","@id":"https:\/\/gogosushi.es\/politica-de-cookies","url":"https:\/\/gogosushi.es\/politica-de-cookies","name":"Politica de Cookies -","isPartOf":{"@id":"https:\/\/gogosushi.es\/#website"},"datePublished":"2022-04-13T10:20:13+00:00","dateModified":"2025-06-17T06:19:23+00:00","breadcrumb":{"@id":"https:\/\/gogosushi.es\/politica-de-cookies#breadcrumb"},"inLanguage":"en-US","potentialAction":[{"@type":"ReadAction","target":["https:\/\/gogosushi.es\/politica-de-cookies"]}]},{"@type":"BreadcrumbList","@id":"https:\/\/gogosushi.es\/politica-de-cookies#breadcrumb","itemListElement":[{"@type":"ListItem","position":1,"name":"Portada","item":"https:\/\/gogosushi.es\/"},{"@type":"ListItem","position":2,"name":"Politica de Cookies"}]},{"@type":"WebSite","@id":"https:\/\/gogosushi.es\/#website","url":"https:\/\/gogosushi.es\/","name":"","description":"Sushi en benalm\u00e1dena","potentialAction":[{"@type":"SearchAction","target":{"@type":"EntryPoint","urlTemplate":"https:\/\/gogosushi.es\/?s={search_term_string}"},"query-input":{"@type":"PropertyValueSpecification","valueRequired":true,"valueName":"search_term_string"}}],"inLanguage":"en-US"}]}},"_links":{"self":[{"href":"https:\/\/gogosushi.es\/en\/wp-json\/wp\/v2\/pages\/485","targetHints":{"allow":["GET"]}}],"collection":[{"href":"https:\/\/gogosushi.es\/en\/wp-json\/wp\/v2\/pages"}],"about":[{"href":"https:\/\/gogosushi.es\/en\/wp-json\/wp\/v2\/types\/page"}],"author":[{"embeddable":true,"href":"https:\/\/gogosushi.es\/en\/wp-json\/wp\/v2\/users\/1"}],"replies":[{"embeddable":true,"href":"https:\/\/gogosushi.es\/en\/wp-json\/wp\/v2\/comments?post=485"}],"version-history":[{"count":18,"href":"https:\/\/gogosushi.es\/en\/wp-json\/wp\/v2\/pages\/485\/revisions"}],"predecessor-version":[{"id":899,"href":"https:\/\/gogosushi.es\/en\/wp-json\/wp\/v2\/pages\/485\/revisions\/899"}],"wp:attachment":[{"href":"https:\/\/gogosushi.es\/en\/wp-json\/wp\/v2\/media?parent=485"}],"curies":[{"name":"wp","href":"https:\/\/api.w.org\/{rel}","templated":true}]}}